{"id":5232,"date":"2021-10-08T16:08:01","date_gmt":"2021-10-08T21:08:01","guid":{"rendered":"http:\/\/35.188.231.22\/?page_id=5232"},"modified":"2021-10-08T16:38:17","modified_gmt":"2021-10-08T21:38:17","slug":"faq-eaaay","status":"publish","type":"page","link":"https:\/\/geovisor.yopal.gov.co\/index.php\/eaaayopal\/faq-eaaay\/","title":{"rendered":"FAQ EAAAY"},"content":{"rendered":"\t\t<div data-elementor-type=\"wp-page\" data-elementor-id=\"5232\" class=\"elementor elementor-5232\">\n\t\t\t\t\t\t<section class=\"elementor-section elementor-top-section elementor-element elementor-element-64d03614 elementor-section-full_width elementor-section-height-default elementor-section-height-default\" data-id=\"64d03614\" data-element_type=\"section\">\n\t\t\t\t\t\t<div class=\"elementor-container elementor-column-gap-default\">\n\t\t\t\t\t<div class=\"elementor-column elementor-col-100 elementor-top-column elementor-element elementor-element-2baf566f ot-flex-column-vertical\" data-id=\"2baf566f\" data-element_type=\"column\">\n\t\t\t<div class=\"elementor-widget-wrap elementor-element-populated\">\n\t\t\t\t\t\t<div class=\"elementor-element elementor-element-5017677 elementor-widget__width-inherit elementor-widget elementor-widget-shortcode\" data-id=\"5017677\" data-element_type=\"widget\" data-widget_type=\"shortcode.default\">\n\t\t\t\t<div class=\"elementor-widget-container\">\n\t\t\t\t\t<div class=\"elementor-shortcode\"><style>#sp-ea-5214 .spcollapsing { height: 0; overflow: hidden; transition-property: height;transition-duration: 300ms;}.sp-easy-accordion-enabled .eap_section_title_5214, body .eap_section_title_5214 { color: #444; margin-bottom:  30px; }#sp-ea-5214.sp-easy-accordion>.sp-ea-single {margin-bottom: 10px; border: 1px solid #e2e2e2; }#sp-ea-5214.sp-easy-accordion>.sp-ea-single>.ea-header a {color: #444;}#sp-ea-5214.sp-easy-accordion>.sp-ea-single>.sp-collapse>.ea-body {background: #fff; color: #444;}#sp-ea-5214.sp-easy-accordion>.sp-ea-single {background: #eee;}#sp-ea-5214.sp-easy-accordion>.sp-ea-single>.ea-header a .ea-expand-icon { float: left; color: #444;font-size: 16px;}<\/style><h2 class=\"eap_section_title eap_section_title_5214\"> Preguntas Frecuentes <\/h2><div id=\"sp_easy_accordion-1778425161\"><div id=\"sp-ea-5214\" class=\"sp-ea-one sp-easy-accordion\" data-ex-icon=\"minus\" data-col-icon=\"plus\"  data-ea-active=\"ea-click\"  data-ea-mode=\"vertical\" data-preloader=\"\" data-scroll-active-item=\"\" data-offset-to-scroll=\"0\"><div class=\"ea-card ea-expand sp-ea-single\"><h3 class=\"ea-header\"><a class=\"collapsed\" id=\"ea-header-52140\" data-sptoggle=\"spcollapse\" data-sptarget=\"#collapse52140\" aria-controls=\"collapse52140\" href=\"javascript:void(0)\"  aria-expanded=\"true\" tabindex=\"0\"><i class=\"ea-expand-icon ea-icon-expand-minus\"><\/i> \u00bfD\u00f3nde se encuentran las herramientas?<\/a><\/h3><div class=\"sp-collapse spcollapse collapsed show\" id=\"collapse52140\"  role=\"region\" aria-labelledby=\"ea-header-52140\"><div class=\"ea-body\"><p>En la parte inferior al presionar el m\u00e1s se desplegaran todas las herramientas y funcionalidades del geovisor.<\/p>\n<\/div><\/div><\/div><div class=\"ea-card  sp-ea-single\"><h3 class=\"ea-header\"><a class=\"collapsed\" id=\"ea-header-52141\" data-sptoggle=\"spcollapse\" data-sptarget=\"#collapse52141\" aria-controls=\"collapse52141\" href=\"javascript:void(0)\"  aria-expanded=\"false\" tabindex=\"0\"><i class=\"ea-expand-icon ea-icon-expand-plus\"><\/i> \u00bfC\u00f3mo busco mi direcci\u00f3n?<\/a><\/h3><div class=\"sp-collapse spcollapse \" id=\"collapse52141\"  role=\"region\" aria-labelledby=\"ea-header-52141\"><div class=\"ea-body\"><p>Para buscar tu direcci\u00f3n debes tener en cuenta:<br \/>\n1. no necesitas #, -, N\u00b0,<br \/>\n2. las calles tienen como abreviatura C<br \/>\n3. las carreras su abreviatura es K<br \/>\n4. las transversales son T<br \/>\n5. las diagonales son D<\/p>\n<p>Por ejemplo:<br \/>\ncalle 15 # 7-25<br \/>\npara buscarlo seria<br \/>\nC 15 7 25<\/p>\n<p>Carrera 9A N\u00b0 4-32<br \/>\nseria:<br \/>\nK 9A 4 32<\/p>\n<p>Transv. 6 No 6-42<br \/>\nseria:<br \/>\nT 6 6 42<\/p>\n<\/div><\/div><\/div><div class=\"ea-card  sp-ea-single\"><h3 class=\"ea-header\"><a class=\"collapsed\" id=\"ea-header-52142\" data-sptoggle=\"spcollapse\" data-sptarget=\"#collapse52142\" aria-controls=\"collapse52142\" href=\"javascript:void(0)\"  aria-expanded=\"false\" tabindex=\"0\"><i class=\"ea-expand-icon ea-icon-expand-plus\"><\/i> \u00bfC\u00f3mo realizar mediciones en el mapa?<\/a><\/h3><div class=\"sp-collapse spcollapse \" id=\"collapse52142\"  role=\"region\" aria-labelledby=\"ea-header-52142\"><div class=\"ea-body\"><p>En la parte inferior izquierda, hacer click en el bot\u00f3n \"+\"; seleccionar la opci\u00f3n<br \/>\n\"Medir\"; en la parte derecha de la pantalla aparecer\u00e1 una ventana, click en \"Crear nueva medici\u00f3n\", empiece a crear la medici\u00f3n a\u00f1adiendo puntos al mapa.<\/p>\n<\/div><\/div><\/div><div class=\"ea-card  sp-ea-single\"><h3 class=\"ea-header\"><a class=\"collapsed\" id=\"ea-header-52143\" data-sptoggle=\"spcollapse\" data-sptarget=\"#collapse52143\" aria-controls=\"collapse52143\" href=\"javascript:void(0)\"  aria-expanded=\"false\" tabindex=\"0\"><i class=\"ea-expand-icon ea-icon-expand-plus\"><\/i> \u00bfC\u00f3mo visualizar la informaci\u00f3n catastral de varios predios?<\/a><\/h3><div class=\"sp-collapse spcollapse \" id=\"collapse52143\"  role=\"region\" aria-labelledby=\"ea-header-52143\"><div class=\"ea-body\"><p>En la parte inferior izquierda, hacer click en el bot\u00f3n \"+\"; seleccionar la opci\u00f3n<br \/>\n\"Seleccionar\";' en la parte inferior derecha de la pantalla aparecer\u00e1 un conjunto de herramientas, seleccione cualquiera de ellas y empiece a crear puntos en el mapa de acuerdo a los predios que quiera analizar. Una vez haya finalizado presione en el bot\u00f3n \"terminar\". Autom\u00e1ticamente la plataforma arrojar\u00e1 una tabla con los atributos de cada predio seleccionado.<\/p>\n<\/div><\/div><\/div><div class=\"ea-card  sp-ea-single\"><h3 class=\"ea-header\"><a class=\"collapsed\" id=\"ea-header-52144\" data-sptoggle=\"spcollapse\" data-sptarget=\"#collapse52144\" aria-controls=\"collapse52144\" href=\"javascript:void(0)\"  aria-expanded=\"false\" tabindex=\"0\"><i class=\"ea-expand-icon ea-icon-expand-plus\"><\/i> \u00bfC\u00f3mo activar las ortofotos?<\/a><\/h3><div class=\"sp-collapse spcollapse \" id=\"collapse52144\"  role=\"region\" aria-labelledby=\"ea-header-52144\"><div class=\"ea-body\"><p>En la parte superior derecha hacer click en el icono de capas, a continuaci\u00f3n se desglosar\u00e1n las capas que se encuentran cargadas en la plataforma, hacer click en \"Ortofoto\".<\/p>\n<\/div><\/div><\/div><script type=\"application\/ld+json\">\n\t{\n\t  \"@context\": \"https:\/\/schema.org\",\n\t  \"@type\": \"FAQPage\",\n\t  \"mainEntity\": [{\n\t\t\t\"@type\": \"Question\",\n\t\t\t\"name\": \"\u00bfD\u00f3nde se encuentran las herramientas?\",\n\t\t\t\"acceptedAnswer\": {\n\t\t\t  \"@type\": \"Answer\",\n\t\t\t  \"text\": \"En la parte inferior al presionar el m\u00e1s se desplegaran todas las herramientas y funcionalidades del geovisor.\"\n\t\t\t}\n\t\t  },{\n\t\t\t\"@type\": \"Question\",\n\t\t\t\"name\": \"\u00bfC\u00f3mo busco mi direcci\u00f3n?\",\n\t\t\t\"acceptedAnswer\": {\n\t\t\t  \"@type\": \"Answer\",\n\t\t\t  \"text\": \"Para buscar tu direcci\u00f3n debes tener en cuenta:\r\n1. no necesitas #, -, N\u00b0,\r\n2. las calles tienen como abreviatura C\r\n3. las carreras su abreviatura es K\r\n4. las transversales son T\r\n5. las diagonales son D\r\n\r\nPor ejemplo:\r\ncalle 15 # 7-25\r\npara buscarlo seria\r\nC 15 7 25\r\n\r\nCarrera 9A N\u00b0 4-32\r\nseria:\r\nK 9A 4 32\r\n\r\nTransv. 6 No 6-42\r\nseria:\r\nT 6 6 42\"\n\t\t\t}\n\t\t  },{\n\t\t\t\"@type\": \"Question\",\n\t\t\t\"name\": \"\u00bfC\u00f3mo realizar mediciones en el mapa?\",\n\t\t\t\"acceptedAnswer\": {\n\t\t\t  \"@type\": \"Answer\",\n\t\t\t  \"text\": \"En la parte inferior izquierda, hacer click en el bot\u00f3n &quot;+&quot;; seleccionar la opci\u00f3n\r\n&quot;Medir&quot;; en la parte derecha de la pantalla aparecer\u00e1 una ventana, click en &quot;Crear nueva medici\u00f3n&quot;, empiece a crear la medici\u00f3n a\u00f1adiendo puntos al mapa.\"\n\t\t\t}\n\t\t  },{\n\t\t\t\"@type\": \"Question\",\n\t\t\t\"name\": \"\u00bfC\u00f3mo visualizar la informaci\u00f3n catastral de varios predios?\",\n\t\t\t\"acceptedAnswer\": {\n\t\t\t  \"@type\": \"Answer\",\n\t\t\t  \"text\": \"En la parte inferior izquierda, hacer click en el bot\u00f3n &quot;+&quot;; seleccionar la opci\u00f3n\r\n&quot;Seleccionar&quot;;&#039; en la parte inferior derecha de la pantalla aparecer\u00e1 un conjunto de herramientas, seleccione cualquiera de ellas y empiece a crear puntos en el mapa de acuerdo a los predios que quiera analizar. Una vez haya finalizado presione en el bot\u00f3n &quot;terminar&quot;. Autom\u00e1ticamente la plataforma arrojar\u00e1 una tabla con los atributos de cada predio seleccionado.\"\n\t\t\t}\n\t\t  },{\n\t\t\t\"@type\": \"Question\",\n\t\t\t\"name\": \"\u00bfC\u00f3mo activar las ortofotos?\",\n\t\t\t\"acceptedAnswer\": {\n\t\t\t  \"@type\": \"Answer\",\n\t\t\t  \"text\": \"En la parte superior derecha hacer click en el icono de capas, a continuaci\u00f3n se desglosar\u00e1n las capas que se encuentran cargadas en la plataforma, hacer click en &quot;Ortofoto&quot;.\"\n\t\t\t}\n\t\t  }]\n\t}\n\t<\/script><\/div><\/div><\/div>\n\t\t\t\t<\/div>\n\t\t\t\t<\/div>\n\t\t\t\t\t<\/div>\n\t\t<\/div>\n\t\t\t\t\t<\/div>\n\t\t<\/section>\n\t\t\t\t<\/div>\n\t\t","protected":false},"excerpt":{"rendered":"","protected":false},"author":1,"featured_media":0,"parent":4648,"menu_order":0,"comment_status":"closed","ping_status":"closed","template":"","meta":{"footnotes":""},"_links":{"self":[{"href":"https:\/\/geovisor.yopal.gov.co\/index.php\/wp-json\/wp\/v2\/pages\/5232"}],"collection":[{"href":"https:\/\/geovisor.yopal.gov.co\/index.php\/wp-json\/wp\/v2\/pages"}],"about":[{"href":"https:\/\/geovisor.yopal.gov.co\/index.php\/wp-json\/wp\/v2\/types\/page"}],"author":[{"embeddable":true,"href":"https:\/\/geovisor.yopal.gov.co\/index.php\/wp-json\/wp\/v2\/users\/1"}],"replies":[{"embeddable":true,"href":"https:\/\/geovisor.yopal.gov.co\/index.php\/wp-json\/wp\/v2\/comments?post=5232"}],"version-history":[{"count":10,"href":"https:\/\/geovisor.yopal.gov.co\/index.php\/wp-json\/wp\/v2\/pages\/5232\/revisions"}],"predecessor-version":[{"id":5258,"href":"https:\/\/geovisor.yopal.gov.co\/index.php\/wp-json\/wp\/v2\/pages\/5232\/revisions\/5258"}],"up":[{"embeddable":true,"href":"https:\/\/geovisor.yopal.gov.co\/index.php\/wp-json\/wp\/v2\/pages\/4648"}],"wp:attachment":[{"href":"https:\/\/geovisor.yopal.gov.co\/index.php\/wp-json\/wp\/v2\/media?parent=5232"}],"curies":[{"name":"wp","href":"https:\/\/api.w.org\/{rel}","templated":true}]}}